{"id":28181,"date":"2025-04-26T00:20:31","date_gmt":"2025-04-26T04:20:31","guid":{"rendered":"https:\/\/www.rosedeschamps.com\/product\/coffret-super-maman\/"},"modified":"2025-05-13T00:01:07","modified_gmt":"2025-05-13T04:01:07","slug":"super-mom-gift-set","status":"publish","type":"product","link":"https:\/\/www.rosedeschamps.com\/en\/product\/super-mom-gift-set\/","title":{"rendered":"Super Mom Gift Set"},"content":{"rendered":"\t\t<div data-elementor-type=\"product-post\" data-elementor-id=\"28181\" class=\"elementor elementor-28181 elementor-26545\" data-elementor-post-type=\"product\">\n\t\t\t\t\t\t<section class=\"elementor-section elementor-top-section elementor-element elementor-element-8e59786 elementor-section-boxed elementor-section-height-default elementor-section-height-default mkdf-parallax-row-no mkdf-content-aligment-left mkdf-row-grid-no mkdf-disabled-bg-image-bellow-no\" data-id=\"8e59786\" data-element_type=\"section\" data-e-type=\"section\">\n\t\t\t\t\t\t<div class=\"elementor-container elementor-column-gap-default\">\n\t\t\t\t\t<div class=\"elementor-column elementor-col-100 elementor-top-column elementor-element elementor-element-c252190\" data-id=\"c252190\" data-element_type=\"column\" data-e-type=\"column\">\n\t\t\t<div class=\"elementor-widget-wrap elementor-element-populated\">\n\t\t\t\t\t\t<div class=\"elementor-element elementor-element-6331a8c elementor-widget elementor-widget-text-editor\" data-id=\"6331a8c\" data-element_type=\"widget\" data-e-type=\"widget\" data-widget_type=\"text-editor.default\">\n\t\t\t\t<div class=\"elementor-widget-container\">\n\t\t\t\t\t\t\t\t\t<h4><strong>Cadeau parfait pour une super maman. <\/strong><\/h4><h6><strong>Bien-\u00eatre &amp; apaisement.<\/strong><\/h6><p>Contiens l\u2019eau de rose, le s\u00e9rum de rose, le beurre corporel de rose, le savon de rose et une d\u00e9licieuse gel\u00e9e de rose.<\/p><p>Tous les produits sont naturels et fabriqu\u00e9s avec des p\u00e9tales de rose cultiv\u00e9s au Qu\u00e9bec.<\/p><p><strong>Bienfaits s\u00e9rum de rose :<\/strong><\/p><ul><li>R\u00e9gule la production de s\u00e9bum.<\/li><li>Adoucit l\u2019apparence des rides.<\/li><li>Apaise l\u2019acn\u00e9 et les imperfections cutan\u00e9es.<\/li><li>Aide \u00e0 la cicatrisation et donne de l\u2019\u00e9clat.\u00a0<\/li><\/ul><p><strong>Bienfaits eau de rose :<\/strong><\/p><ul><li>Soins prestige pour la peau (corps et visage).<\/li><li>Tonique naturel &amp; astringent.<\/li><li>Adoucit les signes de l\u2019\u00e2ge;\u00a0 rides, ridules et fine ligne.<\/li><li>Diminue les rougeurs et aide \u00e0 la cicatrisation.<\/li><li>Att\u00e9nue les imperfections de la peau\u00a0et les taches brunes.<\/li><li>\u00c9quilibre le pH de la peau et des cheveux.\u00a0<\/li><li>Calme les inflammations autour des yeux et resserre les pores du visage.<\/li><li>Antibact\u00e9rienne et rafra\u00eechissante.<\/li><\/ul><p><strong>Bienfaits savon de rose :<\/strong><\/p><ul><li>Hydrate, nettoie et nourrit la peau en profondeur.<\/li><li>L\u00e9g\u00e8rement exfoliant.<\/li><li>Excellent pour les peaux s\u00e8ches et d\u00e9licates.<\/li><li>Odeur apaisante.\u00a0<\/li><li>Les p\u00e9tales de roses du Qu\u00e9bec en contact avec votre peau vous offrira un sentiment de douceur et de bien-\u00eatre.<\/li><\/ul><p><strong>Bienfaits beurre corporel de rose :<\/strong><\/p><ul><li>Nourrissant, r\u00e9parateur, rajeunissant, prot\u00e8ge et augmente l\u2019\u00e9lasticit\u00e9 de votre peau.<\/li><li>Contiens des ingr\u00e9dients naturels reconnus pour contrer les effets du vieillissement de la peau; beurre de karit\u00e9, huile de coco et huile de jojoba, tous certifi\u00e9 biologique. Et \u00e0 base de s\u00e9rum de rose du Qu\u00e9bec; mac\u00e9rat tr\u00e8s concentr\u00e9 de p\u00e9tales de roses cultiv\u00e9es au Qu\u00e9bec et cueillies \u00e0 la main, dans le respect de la nature au sein d\u2019une entreprise familiale.<\/li><li>Nourrissant, r\u00e9parateur et prot\u00e8ge<\/li><li>Rajeunissant et augmente l\u2019\u00e9lasticit\u00e9 de votre peau.<\/li><\/ul><p><strong>Bienfaits gel\u00e9e de rose : <\/strong><\/p><ul><li>Bonheur pour les papilles gustatives<\/li><li>Go\u00fbt d\u00e9licat et raffin\u00e9. Sucr\u00e9 et fait avec amour.<\/li><li>La gel\u00e9e de rose est fabriqu\u00e9e avec des p\u00e9tales de rose cultiv\u00e9s au Qu\u00e9bec et cueillis \u00e0 la main.<\/li><\/ul><p><strong>En alimentation<\/strong><\/p><ul><li>La gel\u00e9e de rose du Qu\u00e9bec apaise et r\u00e9conforte par son go\u00fbt d\u00e9licieux.<\/li><li>Accompagner un croissant chaud au d\u00e9jeuner, un brie fondant au d\u00eener ou une p\u00e2tisserie au dessert pour le plaisir de vos papilles.<\/li><li>Un d\u00e9lice en entr\u00e9e de rillettes de canard et gel\u00e9e de rose<\/li><li>Tr\u00e8s bonne combinaison avec la viande blanche et du fromage doux.<\/li><\/ul><p><strong>Soins de la peau surprenant<\/strong><\/p><ul><li>Soins spa \u2013 Enveloppement du corps et du visage \u00e0 la gel\u00e9e de p\u00e9tales de roses<\/li><li>Convient \u00e0 tous les types de peaux (y compris les peaux sensibles).<\/li><li>Rafra\u00eechit la peau et donne de l\u2019\u00e9clat.<\/li><\/ul><p><em>\u00ab Appliquons\u00a0sur notre peau des produits tellement naturels, que nous pouvons les manger \u00bb<\/em>\u00a0<\/p>\t\t\t\t\t\t\t\t<\/div>\n\t\t\t\t<\/div>\n\t\t\t\t\t<\/div>\n\t\t<\/div>\n\t\t\t\t\t<\/div>\n\t\t<\/section>\n\t\t\t\t<\/div>\n\t\t","protected":false},"excerpt":{"rendered":"<p>Intoxicate your mom with love by surrounding her with rose!<\/p>\n<p>Contains rose water, rose serum, rose body butter, rose soap and delicious rose jelly.<\/p>\n<p>Benefits: rejuvenating, astringent, healing, purifying, nourishing and soothing. Ideal for all skin types, including mature and sensitive. Accompanied by a little indulgence that&#8217;s good for the soul.<\/p>\n<p>Roses grown in Quebec and hand-picked in a family-run business that respects nature.<\/p>\n<p>The daily use of roses soothes the heart, body and mind. This powerful flower encourages self-love and reconnection with feminine power.<\/p>\n<p>Free shipping on orders over $100<\/p>\n","protected":false},"featured_media":26549,"comment_status":"open","ping_status":"closed","template":"","meta":{"_mo_disable_npp":"","_monsterinsights_skip_tracking":false,"_monsterinsights_sitenote_active":false,"_monsterinsights_sitenote_note":"","_monsterinsights_sitenote_category":0},"product_brand":[],"product_cat":[483,482,484,620],"product_tag":[583,486,510,489],"class_list":{"0":"post-28181","1":"product","2":"type-product","3":"status-publish","4":"has-post-thumbnail","6":"product_cat-cosmetics","7":"product_cat-gifts","8":"product_cat-made-of-roses","9":"product_cat-mieux_etre-en","10":"product_tag-gift","11":"product_tag-natural","12":"product_tag-soothing","13":"product_tag-wellness","15":"first","16":"instock","17":"sale","18":"taxable","19":"shipping-taxable","20":"purchasable","21":"product-type-simple"},"yoast_head":"<!-- This site is optimized with the Yoast SEO plugin v27.4 - https:\/\/yoast.com\/product\/yoast-seo-wordpress\/ -->\n<title>Super Mom Gift Set - Rose des Champs<\/title>\n<meta name=\"description\" content=\"id\u00e9e cadeau parfaite pour maman; eau de rose, s\u00e9rum de rose, beurre corporel de rose, savon de rose et une d\u00e9licieuse gel\u00e9e de rose. Roses du Qu\u00e9bec.\" \/>\n<meta name=\"robots\" content=\"index, follow, max-snippet:-1, max-image-preview:large, max-video-preview:-1\" \/>\n<link rel=\"canonical\" href=\"https:\/\/www.rosedeschamps.com\/en\/product\/super-mom-gift-set\/\" \/>\n<meta property=\"og:locale\" content=\"en_US\" \/>\n<meta property=\"og:type\" content=\"article\" \/>\n<meta property=\"og:title\" content=\"Super Mom Gift Set - Rose des Champs\" \/>\n<meta property=\"og:description\" content=\"id\u00e9e cadeau parfaite pour maman; eau de rose, s\u00e9rum de rose, beurre corporel de rose, savon de rose et une d\u00e9licieuse gel\u00e9e de rose. Roses du Qu\u00e9bec.\" \/>\n<meta property=\"og:url\" content=\"https:\/\/www.rosedeschamps.com\/en\/product\/super-mom-gift-set\/\" \/>\n<meta property=\"og:site_name\" content=\"Rose des Champs\" \/>\n<meta property=\"article:modified_time\" content=\"2025-05-13T04:01:07+00:00\" \/>\n<meta property=\"og:image\" content=\"https:\/\/www.rosedeschamps.com\/wp-content\/uploads\/2023\/04\/Coffret-super-maman.jpg\" \/>\n\t<meta property=\"og:image:width\" content=\"800\" \/>\n\t<meta property=\"og:image:height\" content=\"1071\" \/>\n\t<meta property=\"og:image:type\" content=\"image\/jpeg\" \/>\n<meta name=\"twitter:card\" content=\"summary_large_image\" \/>\n<meta name=\"twitter:label1\" content=\"Est. reading time\" \/>\n\t<meta name=\"twitter:data1\" content=\"3 minutes\" \/>\n<script type=\"application\/ld+json\" class=\"yoast-schema-graph\">{\"@context\":\"https:\\\/\\\/schema.org\",\"@graph\":[{\"@type\":\"WebPage\",\"@id\":\"https:\\\/\\\/www.rosedeschamps.com\\\/en\\\/product\\\/super-mom-gift-set\\\/\",\"url\":\"https:\\\/\\\/www.rosedeschamps.com\\\/en\\\/product\\\/super-mom-gift-set\\\/\",\"name\":\"Super Mom Gift Set - Rose des Champs\",\"isPartOf\":{\"@id\":\"https:\\\/\\\/www.rosedeschamps.com\\\/en\\\/#website\"},\"primaryImageOfPage\":{\"@id\":\"https:\\\/\\\/www.rosedeschamps.com\\\/en\\\/product\\\/super-mom-gift-set\\\/#primaryimage\"},\"image\":{\"@id\":\"https:\\\/\\\/www.rosedeschamps.com\\\/en\\\/product\\\/super-mom-gift-set\\\/#primaryimage\"},\"thumbnailUrl\":\"https:\\\/\\\/www.rosedeschamps.com\\\/wp-content\\\/uploads\\\/2023\\\/04\\\/Coffret-super-maman.jpg\",\"datePublished\":\"2025-04-26T04:20:31+00:00\",\"dateModified\":\"2025-05-13T04:01:07+00:00\",\"description\":\"id\u00e9e cadeau parfaite pour maman; eau de rose, s\u00e9rum de rose, beurre corporel de rose, savon de rose et une d\u00e9licieuse gel\u00e9e de rose. Roses du Qu\u00e9bec.\",\"breadcrumb\":{\"@id\":\"https:\\\/\\\/www.rosedeschamps.com\\\/en\\\/product\\\/super-mom-gift-set\\\/#breadcrumb\"},\"inLanguage\":\"en-US\",\"potentialAction\":[{\"@type\":\"ReadAction\",\"target\":[\"https:\\\/\\\/www.rosedeschamps.com\\\/en\\\/product\\\/super-mom-gift-set\\\/\"]}]},{\"@type\":\"ImageObject\",\"inLanguage\":\"en-US\",\"@id\":\"https:\\\/\\\/www.rosedeschamps.com\\\/en\\\/product\\\/super-mom-gift-set\\\/#primaryimage\",\"url\":\"https:\\\/\\\/www.rosedeschamps.com\\\/wp-content\\\/uploads\\\/2023\\\/04\\\/Coffret-super-maman.jpg\",\"contentUrl\":\"https:\\\/\\\/www.rosedeschamps.com\\\/wp-content\\\/uploads\\\/2023\\\/04\\\/Coffret-super-maman.jpg\",\"width\":800,\"height\":1071,\"caption\":\"idee cadeau maman coffret fete des meres amour coffret deluxe a la rose cadeau maman damour\"},{\"@type\":\"BreadcrumbList\",\"@id\":\"https:\\\/\\\/www.rosedeschamps.com\\\/en\\\/product\\\/super-mom-gift-set\\\/#breadcrumb\",\"itemListElement\":[{\"@type\":\"ListItem\",\"position\":1,\"name\":\"Accueil\",\"item\":\"https:\\\/\\\/www.rosedeschamps.com\\\/en\\\/\"},{\"@type\":\"ListItem\",\"position\":2,\"name\":\"SHOP\",\"item\":\"https:\\\/\\\/www.rosedeschamps.com\\\/en\\\/shop\\\/\"},{\"@type\":\"ListItem\",\"position\":3,\"name\":\"Super Mom Gift Set\"}]},{\"@type\":\"WebSite\",\"@id\":\"https:\\\/\\\/www.rosedeschamps.com\\\/en\\\/#website\",\"url\":\"https:\\\/\\\/www.rosedeschamps.com\\\/en\\\/\",\"name\":\"Rose des Champs\",\"description\":\"Produits de la rose du Qu\u00e9bec\",\"potentialAction\":[{\"@type\":\"SearchAction\",\"target\":{\"@type\":\"EntryPoint\",\"urlTemplate\":\"https:\\\/\\\/www.rosedeschamps.com\\\/en\\\/?s={search_term_string}\"},\"query-input\":{\"@type\":\"PropertyValueSpecification\",\"valueRequired\":true,\"valueName\":\"search_term_string\"}}],\"inLanguage\":\"en-US\"}]}<\/script>\n<!-- \/ Yoast SEO plugin. -->","yoast_head_json":{"title":"Super Mom Gift Set - Rose des Champs","description":"id\u00e9e cadeau parfaite pour maman; eau de rose, s\u00e9rum de rose, beurre corporel de rose, savon de rose et une d\u00e9licieuse gel\u00e9e de rose. Roses du Qu\u00e9bec.","robots":{"index":"index","follow":"follow","max-snippet":"max-snippet:-1","max-image-preview":"max-image-preview:large","max-video-preview":"max-video-preview:-1"},"canonical":"https:\/\/www.rosedeschamps.com\/en\/product\/super-mom-gift-set\/","og_locale":"en_US","og_type":"article","og_title":"Super Mom Gift Set - Rose des Champs","og_description":"id\u00e9e cadeau parfaite pour maman; eau de rose, s\u00e9rum de rose, beurre corporel de rose, savon de rose et une d\u00e9licieuse gel\u00e9e de rose. Roses du Qu\u00e9bec.","og_url":"https:\/\/www.rosedeschamps.com\/en\/product\/super-mom-gift-set\/","og_site_name":"Rose des Champs","article_modified_time":"2025-05-13T04:01:07+00:00","og_image":[{"width":800,"height":1071,"url":"https:\/\/www.rosedeschamps.com\/wp-content\/uploads\/2023\/04\/Coffret-super-maman.jpg","type":"image\/jpeg"}],"twitter_card":"summary_large_image","twitter_misc":{"Est. reading time":"3 minutes"},"schema":{"@context":"https:\/\/schema.org","@graph":[{"@type":"WebPage","@id":"https:\/\/www.rosedeschamps.com\/en\/product\/super-mom-gift-set\/","url":"https:\/\/www.rosedeschamps.com\/en\/product\/super-mom-gift-set\/","name":"Super Mom Gift Set - Rose des Champs","isPartOf":{"@id":"https:\/\/www.rosedeschamps.com\/en\/#website"},"primaryImageOfPage":{"@id":"https:\/\/www.rosedeschamps.com\/en\/product\/super-mom-gift-set\/#primaryimage"},"image":{"@id":"https:\/\/www.rosedeschamps.com\/en\/product\/super-mom-gift-set\/#primaryimage"},"thumbnailUrl":"https:\/\/www.rosedeschamps.com\/wp-content\/uploads\/2023\/04\/Coffret-super-maman.jpg","datePublished":"2025-04-26T04:20:31+00:00","dateModified":"2025-05-13T04:01:07+00:00","description":"id\u00e9e cadeau parfaite pour maman; eau de rose, s\u00e9rum de rose, beurre corporel de rose, savon de rose et une d\u00e9licieuse gel\u00e9e de rose. Roses du Qu\u00e9bec.","breadcrumb":{"@id":"https:\/\/www.rosedeschamps.com\/en\/product\/super-mom-gift-set\/#breadcrumb"},"inLanguage":"en-US","potentialAction":[{"@type":"ReadAction","target":["https:\/\/www.rosedeschamps.com\/en\/product\/super-mom-gift-set\/"]}]},{"@type":"ImageObject","inLanguage":"en-US","@id":"https:\/\/www.rosedeschamps.com\/en\/product\/super-mom-gift-set\/#primaryimage","url":"https:\/\/www.rosedeschamps.com\/wp-content\/uploads\/2023\/04\/Coffret-super-maman.jpg","contentUrl":"https:\/\/www.rosedeschamps.com\/wp-content\/uploads\/2023\/04\/Coffret-super-maman.jpg","width":800,"height":1071,"caption":"idee cadeau maman coffret fete des meres amour coffret deluxe a la rose cadeau maman damour"},{"@type":"BreadcrumbList","@id":"https:\/\/www.rosedeschamps.com\/en\/product\/super-mom-gift-set\/#breadcrumb","itemListElement":[{"@type":"ListItem","position":1,"name":"Accueil","item":"https:\/\/www.rosedeschamps.com\/en\/"},{"@type":"ListItem","position":2,"name":"SHOP","item":"https:\/\/www.rosedeschamps.com\/en\/shop\/"},{"@type":"ListItem","position":3,"name":"Super Mom Gift Set"}]},{"@type":"WebSite","@id":"https:\/\/www.rosedeschamps.com\/en\/#website","url":"https:\/\/www.rosedeschamps.com\/en\/","name":"Rose des Champs","description":"Produits de la rose du Qu\u00e9bec","potentialAction":[{"@type":"SearchAction","target":{"@type":"EntryPoint","urlTemplate":"https:\/\/www.rosedeschamps.com\/en\/?s={search_term_string}"},"query-input":{"@type":"PropertyValueSpecification","valueRequired":true,"valueName":"search_term_string"}}],"inLanguage":"en-US"}]}},"_links":{"self":[{"href":"https:\/\/www.rosedeschamps.com\/en\/wp-json\/wp\/v2\/product\/28181","targetHints":{"allow":["GET"]}}],"collection":[{"href":"https:\/\/www.rosedeschamps.com\/en\/wp-json\/wp\/v2\/product"}],"about":[{"href":"https:\/\/www.rosedeschamps.com\/en\/wp-json\/wp\/v2\/types\/product"}],"replies":[{"embeddable":true,"href":"https:\/\/www.rosedeschamps.com\/en\/wp-json\/wp\/v2\/comments?post=28181"}],"version-history":[{"count":0,"href":"https:\/\/www.rosedeschamps.com\/en\/wp-json\/wp\/v2\/product\/28181\/revisions"}],"wp:featuredmedia":[{"embeddable":true,"href":"https:\/\/www.rosedeschamps.com\/en\/wp-json\/wp\/v2\/media\/26549"}],"wp:attachment":[{"href":"https:\/\/www.rosedeschamps.com\/en\/wp-json\/wp\/v2\/media?parent=28181"}],"wp:term":[{"taxonomy":"product_brand","embeddable":true,"href":"https:\/\/www.rosedeschamps.com\/en\/wp-json\/wp\/v2\/product_brand?post=28181"},{"taxonomy":"product_cat","embeddable":true,"href":"https:\/\/www.rosedeschamps.com\/en\/wp-json\/wp\/v2\/product_cat?post=28181"},{"taxonomy":"product_tag","embeddable":true,"href":"https:\/\/www.rosedeschamps.com\/en\/wp-json\/wp\/v2\/product_tag?post=28181"}],"curies":[{"name":"wp","href":"https:\/\/api.w.org\/{rel}","templated":true}]}}